{"id":317,"date":"2020-09-04T14:45:06","date_gmt":"2020-09-04T14:45:06","guid":{"rendered":"http:\/\/heikegatz.de\/wp\/?page_id=317"},"modified":"2020-09-04T14:45:06","modified_gmt":"2020-09-04T14:45:06","slug":"verhaltensanalyse-oder-mikroanalyse","status":"publish","type":"page","link":"https:\/\/heikegatz.de\/wp\/beitraege\/verhaltenstherapie\/verhaltensanalyse\/verhaltensanalyse-oder-mikroanalyse\/","title":{"rendered":"Verhaltensanalyse oder Mikroanalyse"},"content":{"rendered":"\n<p>Zun\u00e4chst einmal betrachten Sie die Situation selbst. Was war da genau, an welchem Ort, mit wem? Diese Situation k\u00f6nnte etwas Typisches haben, sie k\u00f6nnte Ihr Verhalten ausl\u00f6sen.<\/p>\n\n\n\n<p>Und dann erinnern Sie sich, was Sie in dieser Situation dachten und f\u00fchlten. Sie erkennen, welche Gedanken Sie dazu bringen, ungewollte Dinge zu tun. Sie erkennen, welche Emotionen und K\u00f6rperempfindungen Sie als so unangenehm erleben, dass Sie diese mit einer eigentlich ungewollten Handlung zum Verschwinden bringen m\u00f6chten.<\/p>\n\n\n\n<p>Diese Handlungen haben Konsequenzen. Einige Konsequenzen treten sofort ein, andere sp\u00e4ter. Auch diese Konsequenzen weisen starke \u00c4hnlichkeiten auf, wiederholen sich.<\/p>\n\n\n\n<p>Mit Hilfe dieser Verhaltensanalyse lenken Sie Ihren Blick auf Ihre gewohnten Verhaltensmuster und Ihre Denkgewohnheiten. Sie beginnen, sich genauer zu beobachten und zu erforschen.<\/p>\n\n\n\n<p>Sie lernen, dass Sie automatische Abl\u00e4ufe unterbrechen k\u00f6nnen. Ein automatischer Ablauf k\u00f6nnte sein: Immer, wenn ich etwas Bestimmtes f\u00fchle, muss ich etwas Bestimmtes tun. Beispielsweise: Wenn ich traurig bin, esse\/trinke\/rauche\/telefoniere\u2026 ich zu viel. Wie Sie genau einen solchen Ablauf unterbrechen werden, k\u00f6nnen Sie experimentell herausfinden, indem Sie systematisch Methoden anwenden, bis Sie die passende gefunden haben.<\/p>\n\n\n\n<p>Sie erfahren, dass Sie Emotionen, die Sie eigentlich zum Handeln zwingen, vollst\u00e4ndig durcherleben k\u00f6nnen, ohne etwas zu tun, was Sie nicht wollen. Sie finden heraus, welcher Umgang mit Gedanken und Gef\u00fchlen besser mit Ihren Werten vereinbar ist.<\/p>\n\n\n\n<p>Sie finden nach und nach heraus, welche Handlungen Ihnen wirklich lieber w\u00e4ren und \u00fcben diese ein. Auf diese Weise errichten Sie neue Gewohnheiten, die Sie selbst gew\u00e4hlt haben. Sie wissen, was Sie wollen und Sie k\u00f6nnen es tun.<\/p>\n","protected":false},"excerpt":{"rendered":"<p>Zun\u00e4chst einmal betrachten Sie die Situation selbst. Was war da genau, an welchem Ort, mit wem? Diese Situation k\u00f6nnte etwas Typisches haben, sie k\u00f6nnte Ihr Verhalten ausl\u00f6sen.&hellip; <span class=\"read-more\"><a class=\"more-link\" href=\"https:\/\/heikegatz.de\/wp\/beitraege\/verhaltenstherapie\/verhaltensanalyse\/verhaltensanalyse-oder-mikroanalyse\/\" rel=\"bookmark\"><span class=\"screen-reader-text\">&#8222;Verhaltensanalyse oder Mikroanalyse&#8220;<\/span> weiterlesen<\/a><\/span><\/p>\n","protected":false},"author":1,"featured_media":53,"parent":315,"menu_order":0,"comment_status":"closed","ping_status":"closed","template":"page-templates\/template-full-width.php","meta":{"jetpack_post_was_ever_published":false},"jetpack_sharing_enabled":true,"jetpack_shortlink":"https:\/\/wp.me\/P87S8y-57","jetpack-related-posts":[{"id":315,"url":"https:\/\/heikegatz.de\/wp\/beitraege\/verhaltenstherapie\/verhaltensanalyse\/","url_meta":{"origin":317,"position":0},"title":"Verhaltensanalyse","date":"Oktober 7, 2020","format":false,"excerpt":"Mit dieser Methode analysieren Sie eine beliebige Gegebenheit, die Sie k\u00fcrzlich erlebt haben und in der Sie genau das getan haben, was Sie eigentlich nicht mehr tun wollten. Weiterlesen","rel":"","context":"\u00c4hnlicher Beitrag","img":{"alt_text":"","src":"https:\/\/i0.wp.com\/heikegatz.de\/wp\/wp-content\/uploads\/2020\/09\/IMG_0320_1400.jpg?fit=1200%2C900&ssl=1&resize=350%2C200","width":350,"height":200},"classes":[]},{"id":424,"url":"https:\/\/heikegatz.de\/wp\/beitraege\/verhaltenstherapie\/gefuehle\/emotionen-oder-gefuehle\/","url_meta":{"origin":317,"position":1},"title":"Emotionen oder Gef\u00fchle","date":"Oktober 7, 2020","format":false,"excerpt":"Welche Emotionen kennen Sie? Vermutlich w\u00fcrden Sie Freude und Angst benennen und auch Traurigkeit und \u00c4rger. Damit h\u00e4tten Sie schon vier der sechs oder sieben Grundgef\u00fchle herausgefunden, die wir Menschen global erkennen. Die drei anderen sind die \u00dcberraschung (positiv oder negativ), der Ekel (eindeutig negativ) und vermutlich auch die Verachtung.\u2026","rel":"","context":"\u00c4hnlicher Beitrag","img":{"alt_text":"","src":"https:\/\/i0.wp.com\/heikegatz.de\/wp\/wp-content\/uploads\/2020\/09\/IMG_4329_1400.jpg?fit=1200%2C800&ssl=1&resize=350%2C200","width":350,"height":200},"classes":[]},{"id":256,"url":"https:\/\/heikegatz.de\/wp\/beitraege\/psychotherapie\/psychotherapie-einzeltherapie-gruppentherapie\/psychotherapie-einzeltherapie-gruppentherapie-lang\/","url_meta":{"origin":317,"position":2},"title":"Psychotherapie, Einzeltherapie, Gruppentherapie","date":"September 4, 2020","format":false,"excerpt":"Es w\u00e4re herrlich, die \u00c4ngste und die Sorgen, den Schmerz und die Trauer, die Wut und die Hilflosigkeit einfach zum Sperrm\u00fcll zu stellen. Am fr\u00fchen Morgen w\u00fcrden dann die verschrammte Angst-Kommode mit den vielen Sorgenschubladen und die Trauertruhe auf den LKW der M\u00fcllabfuhr geladen und nie mehr wiedergesehen. Wenn das\u2026","rel":"","context":"\u00c4hnlicher Beitrag","img":{"alt_text":"","src":"https:\/\/i0.wp.com\/heikegatz.de\/wp\/wp-content\/uploads\/2020\/09\/IMG_0456_1400.jpg?fit=1200%2C900&ssl=1&resize=350%2C200","width":350,"height":200},"classes":[]},{"id":349,"url":"https:\/\/heikegatz.de\/wp\/beitraege\/paartherapie\/achtsamkeit-und-hypnose-in-der-paartherapie\/paartherapie-mit-methoden-aus-dem-achtsamkeitstraining-und-der-klinischen-hypnose\/","url_meta":{"origin":317,"position":3},"title":"Paartherapie mit Methoden aus dem Achtsamkeitstraining und der Klinischen Hypnose","date":"September 4, 2020","format":false,"excerpt":"Erz\u00e4hlungen, M\u00e4rchen oder Filme mit denen wir aufgewachsen sind, transportieren h\u00e4ufig die \u00dcberzeugung, ein Gelingen von Paarbeziehungen sei irgendwie angeboren oder vom Schicksal bestimmt. Wenn die Beziehung nicht gelingt, kann es also nur daran liegen, dass sich nicht die Richtigen getroffen haben. Hier w\u00e4re Therapie zwecklos. Verbindliche Liebesbeziehungen lassen sich\u2026","rel":"","context":"\u00c4hnlicher Beitrag","img":{"alt_text":"","src":"https:\/\/i0.wp.com\/heikegatz.de\/wp\/wp-content\/uploads\/2016\/11\/20151025_124347_kleiner.jpg?fit=1200%2C900&ssl=1&resize=350%2C200","width":350,"height":200},"classes":[]},{"id":267,"url":"https:\/\/heikegatz.de\/wp\/beitraege\/psychotherapie\/verhaltenstherapie-und-act\/verhaltenstherapie-akzeptanz-und-commitment-therapie\/","url_meta":{"origin":317,"position":4},"title":"Verhaltenstherapie \/ Akzeptanz und Commitment Therapie","date":"September 4, 2020","format":false,"excerpt":"Kognitive Verhaltenstherapie Wir f\u00fcrchten uns vor unangenehmen Gef\u00fchlen (Angst, Trauer\u2026), wir werfen uns vor, immer wieder das Falsche zu tun (streiten, rauchen, vermeiden\u2026), und wir beobachten entnervt Gedankenkreisen und Gr\u00fcbel-Exzesse oder \u00e4hnliches. Wir w\u00fcnschen uns mehr Selbstvertrauen, mehr Gelassenheit, oft auch mehr Kontrolle \u00fcber Gedanken, Gef\u00fchle und Handlungen. Die Methoden\u2026","rel":"","context":"\u00c4hnlicher Beitrag","img":{"alt_text":"","src":"https:\/\/i0.wp.com\/heikegatz.de\/wp\/wp-content\/uploads\/2020\/09\/K_IMG_9606_1400.jpg?fit=1200%2C800&ssl=1&resize=350%2C200","width":350,"height":200},"classes":[]},{"id":265,"url":"https:\/\/heikegatz.de\/wp\/beitraege\/psychotherapie\/verhaltenstherapie-und-act\/","url_meta":{"origin":317,"position":5},"title":"Verhaltenstherapie und ACT","date":"September 4, 2020","format":false,"excerpt":"Wie m\u00f6chten Sie sich verhalten? Diese Frage macht Sinn, denn Ihre Handlungen k\u00f6nnen Sie tats\u00e4chlich kontrollieren und bewusst gestalten. Ihre automatischen Denkmuster dagegen und die Entstehung Ihrer Emotionen sind nicht so leicht beeinflussbar\u2026 Weiterlesen","rel":"","context":"\u00c4hnlicher Beitrag","img":{"alt_text":"","src":"https:\/\/i0.wp.com\/heikegatz.de\/wp\/wp-content\/uploads\/2020\/09\/K_IMG_9606_1400.jpg?fit=1200%2C800&ssl=1&resize=350%2C200","width":350,"height":200},"classes":[]}],"_links":{"self":[{"href":"https:\/\/heikegatz.de\/wp\/wp-json\/wp\/v2\/pages\/317"}],"collection":[{"href":"https:\/\/heikegatz.de\/wp\/wp-json\/wp\/v2\/pages"}],"about":[{"href":"https:\/\/heikegatz.de\/wp\/wp-json\/wp\/v2\/types\/page"}],"author":[{"embeddable":true,"href":"https:\/\/heikegatz.de\/wp\/wp-json\/wp\/v2\/users\/1"}],"replies":[{"embeddable":true,"href":"https:\/\/heikegatz.de\/wp\/wp-json\/wp\/v2\/comments?post=317"}],"version-history":[{"count":1,"href":"https:\/\/heikegatz.de\/wp\/wp-json\/wp\/v2\/pages\/317\/revisions"}],"predecessor-version":[{"id":318,"href":"https:\/\/heikegatz.de\/wp\/wp-json\/wp\/v2\/pages\/317\/revisions\/318"}],"up":[{"embeddable":true,"href":"https:\/\/heikegatz.de\/wp\/wp-json\/wp\/v2\/pages\/315"}],"wp:featuredmedia":[{"embeddable":true,"href":"https:\/\/heikegatz.de\/wp\/wp-json\/wp\/v2\/media\/53"}],"wp:attachment":[{"href":"https:\/\/heikegatz.de\/wp\/wp-json\/wp\/v2\/media?parent=317"}],"curies":[{"name":"wp","href":"https:\/\/api.w.org\/{rel}","templated":true}]}}